{"id":155,"date":"2010-01-23T12:44:03","date_gmt":"2010-01-23T11:44:03","guid":{"rendered":"http:\/\/www.expotec103.com\/?page_id=155"},"modified":"2010-01-23T12:44:03","modified_gmt":"2010-01-23T11:44:03","slug":"mecanique-naturelle","status":"publish","type":"page","link":"https:\/\/expotec103.fr\/index.php\/mecanique-naturelle\/","title":{"rendered":"M\u00e9canique naturelle"},"content":{"rendered":"<h2>Mus\u00e9um de m\u00e9canique naturelle<\/h2>\n<p>Cette page est un peu le coup de c\u0153ur du CHS !<\/p>\n<p>Connaissez-vous le Mus\u00e9um de M\u00e9canique Naturelle ?<\/p>\n<p>Il s\u2019agit d\u2019un site exceptionnel d\u2019amis \u201ccambouiseur\u201d, anim\u00e9s d\u2019une passion : celle du travail bien fait.<\/p>\n<h2>Quelques restaurations<\/h2>\n<p>Voici quelques-unes des restaurations du Mus\u00e9um de M\u00e9canique Naturelle :<\/p>\n<figure id=\"attachment_158\" aria-describedby=\"caption-attachment-158\" style=\"width: 100px\" class=\"wp-caption alignleft\"><a href=\"http:\/\/www.expotec103.fr\/wp-content\/uploads\/2010\/01\/mmn_moteursiam.jpg\"><img loading=\"lazy\" decoding=\"async\" class=\"size-full wp-image-158\" title=\"Moteur Siam\" src=\"http:\/\/www.expotec103.fr\/wp-content\/uploads\/2010\/01\/mmn_moteursiam.jpg\" alt=\"Moteur Siam\" width=\"100\" height=\"150\" \/><\/a><figcaption id=\"caption-attachment-158\" class=\"wp-caption-text\">Moteur Siam<\/figcaption><\/figure>\n<figure id=\"attachment_157\" aria-describedby=\"caption-attachment-157\" style=\"width: 100px\" class=\"wp-caption alignleft\"><a href=\"http:\/\/www.expotec103.fr\/wp-content\/uploads\/2010\/01\/mmn_moteurcarel.jpg\"><img loading=\"lazy\" decoding=\"async\" class=\"size-full wp-image-157\" title=\"Moteur Carel\" src=\"http:\/\/www.expotec103.fr\/wp-content\/uploads\/2010\/01\/mmn_moteurcarel.jpg\" alt=\"Moteur Carel\" width=\"100\" height=\"150\" \/><\/a><figcaption id=\"caption-attachment-157\" class=\"wp-caption-text\">Moteur Carel<\/figcaption><\/figure>\n<figure id=\"attachment_156\" aria-describedby=\"caption-attachment-156\" style=\"width: 100px\" class=\"wp-caption alignleft\"><a href=\"http:\/\/www.expotec103.fr\/wp-content\/uploads\/2010\/01\/mmn_moteurboulet.jpg\"><img loading=\"lazy\" decoding=\"async\" class=\"size-full wp-image-156\" title=\"Moteur Boulet\" src=\"http:\/\/www.expotec103.fr\/wp-content\/uploads\/2010\/01\/mmn_moteurboulet.jpg\" alt=\"Moteur Boulet\" width=\"100\" height=\"150\" \/><\/a><figcaption id=\"caption-attachment-156\" class=\"wp-caption-text\">Moteur Boulet<\/figcaption><\/figure>\n<h2 style=\"clear: left;\">L\u2019\u00e9v\u00e9nement annuel : \u201cLe moteur est dans le pr\u00e9\u201d<\/h2>\n<figure id=\"attachment_159\" aria-describedby=\"caption-attachment-159\" style=\"width: 150px\" class=\"wp-caption alignright\"><a href=\"http:\/\/www.expotec103.fr\/wp-content\/uploads\/2010\/01\/cartepostale.jpg\"><img loading=\"lazy\" decoding=\"async\" class=\"size-full wp-image-159\" title=\"Le moteur est dans le pr\u00e9\" src=\"http:\/\/www.expotec103.fr\/wp-content\/uploads\/2010\/01\/cartepostale.jpg\" alt=\"Le moteur est dans le pr\u00e9\" width=\"150\" height=\"227\" \/><\/a><figcaption id=\"caption-attachment-159\" class=\"wp-caption-text\">Le moteur est dans le pr\u00e9<\/figcaption><\/figure>\n<p>L\u2019\u00e9v\u00e9nement majeur du Mus\u00e9um de M\u00e9canique Naturelle que les amoureux et amoureuses de vieilles m\u00e9caniques ne doivent pas manque s\u2019appelle \u201cLe moteur est dans le pr\u00e9\u201d.<\/p>\n<p>Une fa\u00e7on de redonner leur libert\u00e9 \u00e0 tous ces moteurs !<\/p>\n<p>Il a lieu <strong>d\u00e9but septembre<\/strong>.<\/p>\n<p>Lors de l\u2019\u00e9dition 2009, le CHS y a expos\u00e9 le moteur Mustad.<\/p>\n<p>Pour vous immerger dans cet \u00e9v\u00e9nement voici quelques liens :<\/p>\n<ul>\n<li><a title=\"Billet le moteur est dans le pr\u00e9 2009 de Zigazou\" href=\"http:\/\/zigazou.wordpress.com\/2009\/09\/13\/le-moteur-est-dans-le-pre-2009\/\">Le moteur est dans le pr\u00e9 2009<\/a> (photos, vid\u00e9o),<\/li>\n<li><a title=\"Le moteur est dans le pr\u00e9 - 2009 Photo Gallery by Jean-Michel Peers\" href=\"http:\/\/www.pbase.com\/nieuwburgh\/moteur_dans_le_pre\">Le moteur est dans le pr\u00e9 &#8211; 2008 Photo Gallery by Jean-Michel Peers<\/a> (photos),<\/li>\n<li><a title=\"Le moteur est dans le pr\u00e9, 2e \u00e9dition septembre 2007\" href=\"http:\/\/merlin.site-internet-fr.net\/LeMoteurestdanslepr2meeditionSeptembre2007\/index.html\">Le Moteur est dans le pr\u00e9. 2 \u00e9me edition Septembre 2007<\/a> (photos),<\/li>\n<li><a title=\"Playlist YouTube de vid\u00e9os du moteur est dans le pr\u00e9\" href=\"http:\/\/www.youtube.com\/view_play_list?p=AFB61E9A911702BE\">Playlist YouTube de vid\u00e9os de l\u2019\u00e9v\u00e9nement<\/a> (vid\u00e9os)<\/li>\n<\/ul>\n<h2>L\u2019adresse du mus\u00e9um<\/h2>\n<p>2 chemin Blanche-Hoschede-Monet<br \/>\n27620 Giverny<\/p>\n<p>[mappress]<\/p>\n<p>Pour les contacter, un num\u00e9ro de t\u00e9l\u00e9phone : 02 32 21 26 33<\/p>\n","protected":false},"excerpt":{"rendered":"<p>Mus\u00e9um de m\u00e9canique naturelle Cette page est un peu le coup de c\u0153ur du CHS ! Connaissez-vous le Mus\u00e9um de M\u00e9canique Naturelle ? Il s\u2019agit d\u2019un site exceptionnel d\u2019amis \u201ccambouiseur\u201d, anim\u00e9s d\u2019une passion : celle du travail bien fait. Quelques restaurations Voici quelques-unes des restaurations du Mus\u00e9um de M\u00e9canique Naturelle : L\u2019\u00e9v\u00e9nement annuel : \u201cLe &hellip; <a href=\"https:\/\/expotec103.fr\/index.php\/mecanique-naturelle\/\" class=\"more-link\">Continuer la lecture de <span class=\"screen-reader-text\">M\u00e9canique naturelle<\/span><\/a><\/p>\n","protected":false},"author":1,"featured_media":0,"parent":0,"menu_order":10,"comment_status":"open","ping_status":"open","template":"","meta":{"footnotes":""},"_links":{"self":[{"href":"https:\/\/expotec103.fr\/index.php\/wp-json\/wp\/v2\/pages\/155"}],"collection":[{"href":"https:\/\/expotec103.fr\/index.php\/wp-json\/wp\/v2\/pages"}],"about":[{"href":"https:\/\/expotec103.fr\/index.php\/wp-json\/wp\/v2\/types\/page"}],"author":[{"embeddable":true,"href":"https:\/\/expotec103.fr\/index.php\/wp-json\/wp\/v2\/users\/1"}],"replies":[{"embeddable":true,"href":"https:\/\/expotec103.fr\/index.php\/wp-json\/wp\/v2\/comments?post=155"}],"version-history":[{"count":0,"href":"https:\/\/expotec103.fr\/index.php\/wp-json\/wp\/v2\/pages\/155\/revisions"}],"wp:attachment":[{"href":"https:\/\/expotec103.fr\/index.php\/wp-json\/wp\/v2\/media?parent=155"}],"curies":[{"name":"wp","href":"https:\/\/api.w.org\/{rel}","templated":true}]}}